{"id":5921,"date":"2025-12-05T09:08:53","date_gmt":"2025-12-05T08:08:53","guid":{"rendered":"https:\/\/glutenfrei-laktosefrei.ch\/?post_type=product&#038;p=5921"},"modified":"2025-12-05T09:12:03","modified_gmt":"2025-12-05T08:12:03","slug":"coeur-de-spitzbuben-kopie","status":"publish","type":"product","link":"https:\/\/glutenfrei-laktosefrei.ch\/fr\/produit\/coeur-de-spitzbuben-kopie\/","title":{"rendered":"Bricelets"},"content":{"rendered":"<p><strong>Ingr\u00e9dients <\/strong>: farine de riz, \u0152UFS, eau, margarine bio, sucre, farine de ma\u00efs bio, amidon de ma\u00efs, sarrasin bio, gomme de guar bio, tapioca, sel des Alpes.<\/p>\n<p><img decoding=\"async\" class=\"lazyload alignnone size-full wp-image-5922\" src=\"https:\/\/glutenfrei-laktosefrei.ch\/wp-content\/uploads\/2025\/12\/Breztli.webp\" data-orig-src=\"https:\/\/glutenfrei-laktosefrei.ch\/wp-content\/uploads\/2025\/12\/Breztli.webp\" alt=\"\" width=\"884\" height=\"515\" srcset=\"data:image\/svg+xml,%3Csvg%20xmlns%3D%27http%3A%2F%2Fwww.w3.org%2F2000%2Fsvg%27%20width%3D%27884%27%20height%3D%27515%27%20viewBox%3D%270%200%20884%20515%27%3E%3Crect%20width%3D%27884%27%20height%3D%27515%27%20fill-opacity%3D%220%22%2F%3E%3C%2Fsvg%3E\" data-srcset=\"https:\/\/glutenfrei-laktosefrei.ch\/wp-content\/uploads\/2025\/12\/Breztli-200x117.webp 200w, https:\/\/glutenfrei-laktosefrei.ch\/wp-content\/uploads\/2025\/12\/Breztli-300x175.webp 300w, https:\/\/glutenfrei-laktosefrei.ch\/wp-content\/uploads\/2025\/12\/Breztli-400x233.webp 400w, https:\/\/glutenfrei-laktosefrei.ch\/wp-content\/uploads\/2025\/12\/Breztli-500x291.webp 500w, https:\/\/glutenfrei-laktosefrei.ch\/wp-content\/uploads\/2025\/12\/Breztli-600x350.webp 600w, https:\/\/glutenfrei-laktosefrei.ch\/wp-content\/uploads\/2025\/12\/Breztli-700x408.webp 700w, https:\/\/glutenfrei-laktosefrei.ch\/wp-content\/uploads\/2025\/12\/Breztli-768x447.webp 768w, https:\/\/glutenfrei-laktosefrei.ch\/wp-content\/uploads\/2025\/12\/Breztli-800x466.webp 800w, https:\/\/glutenfrei-laktosefrei.ch\/wp-content\/uploads\/2025\/12\/Breztli.webp 884w\" data-sizes=\"auto\" data-orig-sizes=\"(max-width: 884px) 100vw, 884px\" \/><\/p>\n","protected":false},"excerpt":{"rendered":"<p>125g<\/p>\n","protected":false},"featured_media":5925,"comment_status":"open","ping_status":"closed","template":"","meta":[],"product_brand":[],"product_cat":[197,196],"product_tag":[202,203],"class_list":{"0":"post-5921","1":"product","2":"type-product","3":"status-publish","4":"has-post-thumbnail","6":"product_cat-guetztli-fr","7":"product_cat-patisseries","8":"product_tag-sans-gluten","9":"product_tag-sans-lait","11":"first","12":"instock","13":"taxable","14":"shipping-taxable","15":"purchasable","16":"product-type-simple"},"yoast_head":"<!-- This site is optimized with the Yoast SEO plugin v26.6 - https:\/\/yoast.com\/wordpress\/plugins\/seo\/ -->\n<title>Bricelets | A-B-W Riesen GmbH<\/title>\n<meta name=\"robots\" content=\"index, follow, max-snippet:-1, max-image-preview:large, max-video-preview:-1\" \/>\n<link rel=\"canonical\" href=\"https:\/\/glutenfrei-laktosefrei.ch\/fr\/produit\/coeur-de-spitzbuben-kopie\/\" \/>\n<meta property=\"og:locale\" content=\"fr_FR\" \/>\n<meta property=\"og:type\" content=\"article\" \/>\n<meta property=\"og:title\" content=\"Bricelets | A-B-W Riesen GmbH\" \/>\n<meta property=\"og:description\" content=\"125g\" \/>\n<meta property=\"og:url\" content=\"https:\/\/glutenfrei-laktosefrei.ch\/fr\/produit\/coeur-de-spitzbuben-kopie\/\" \/>\n<meta property=\"og:site_name\" content=\"A-B-W Riesen GmbH\" \/>\n<meta property=\"article:modified_time\" content=\"2025-12-05T08:12:03+00:00\" \/>\n<meta property=\"og:image\" content=\"https:\/\/glutenfrei-laktosefrei.ch\/wp-content\/uploads\/2025\/12\/bretzli-scaled.webp\" \/>\n\t<meta property=\"og:image:width\" content=\"2560\" \/>\n\t<meta property=\"og:image:height\" content=\"2265\" \/>\n\t<meta property=\"og:image:type\" content=\"image\/png\" \/>\n<meta name=\"twitter:card\" content=\"summary_large_image\" \/>\n<script type=\"application\/ld+json\" class=\"yoast-schema-graph\">{\"@context\":\"https:\/\/schema.org\",\"@graph\":[{\"@type\":\"WebPage\",\"@id\":\"https:\/\/glutenfrei-laktosefrei.ch\/fr\/produit\/coeur-de-spitzbuben-kopie\/\",\"url\":\"https:\/\/glutenfrei-laktosefrei.ch\/fr\/produit\/coeur-de-spitzbuben-kopie\/\",\"name\":\"Bricelets | A-B-W Riesen GmbH\",\"isPartOf\":{\"@id\":\"https:\/\/glutenfrei-laktosefrei.ch\/fr\/#website\"},\"primaryImageOfPage\":{\"@id\":\"https:\/\/glutenfrei-laktosefrei.ch\/fr\/produit\/coeur-de-spitzbuben-kopie\/#primaryimage\"},\"image\":{\"@id\":\"https:\/\/glutenfrei-laktosefrei.ch\/fr\/produit\/coeur-de-spitzbuben-kopie\/#primaryimage\"},\"thumbnailUrl\":\"https:\/\/glutenfrei-laktosefrei.ch\/wp-content\/uploads\/2025\/12\/bretzli-scaled.webp\",\"datePublished\":\"2025-12-05T08:08:53+00:00\",\"dateModified\":\"2025-12-05T08:12:03+00:00\",\"breadcrumb\":{\"@id\":\"https:\/\/glutenfrei-laktosefrei.ch\/fr\/produit\/coeur-de-spitzbuben-kopie\/#breadcrumb\"},\"inLanguage\":\"fr-FR\",\"potentialAction\":[{\"@type\":\"ReadAction\",\"target\":[\"https:\/\/glutenfrei-laktosefrei.ch\/fr\/produit\/coeur-de-spitzbuben-kopie\/\"]}]},{\"@type\":\"ImageObject\",\"inLanguage\":\"fr-FR\",\"@id\":\"https:\/\/glutenfrei-laktosefrei.ch\/fr\/produit\/coeur-de-spitzbuben-kopie\/#primaryimage\",\"url\":\"https:\/\/glutenfrei-laktosefrei.ch\/wp-content\/uploads\/2025\/12\/bretzli-scaled.webp\",\"contentUrl\":\"https:\/\/glutenfrei-laktosefrei.ch\/wp-content\/uploads\/2025\/12\/bretzli-scaled.webp\",\"width\":1920,\"height\":1699},{\"@type\":\"BreadcrumbList\",\"@id\":\"https:\/\/glutenfrei-laktosefrei.ch\/fr\/produit\/coeur-de-spitzbuben-kopie\/#breadcrumb\",\"itemListElement\":[{\"@type\":\"ListItem\",\"position\":1,\"name\":\"Home\",\"item\":\"https:\/\/glutenfrei-laktosefrei.ch\/fr\/\"},{\"@type\":\"ListItem\",\"position\":2,\"name\":\"Boutique\",\"item\":\"https:\/\/glutenfrei-laktosefrei.ch\/fr\/boutique\/\"},{\"@type\":\"ListItem\",\"position\":3,\"name\":\"Bricelets\"}]},{\"@type\":\"WebSite\",\"@id\":\"https:\/\/glutenfrei-laktosefrei.ch\/fr\/#website\",\"url\":\"https:\/\/glutenfrei-laktosefrei.ch\/fr\/\",\"name\":\"A-B-W Riesen GmbH\",\"description\":\"\",\"publisher\":{\"@id\":\"https:\/\/glutenfrei-laktosefrei.ch\/fr\/#organization\"},\"potentialAction\":[{\"@type\":\"SearchAction\",\"target\":{\"@type\":\"EntryPoint\",\"urlTemplate\":\"https:\/\/glutenfrei-laktosefrei.ch\/fr\/?s={search_term_string}\"},\"query-input\":{\"@type\":\"PropertyValueSpecification\",\"valueRequired\":true,\"valueName\":\"search_term_string\"}}],\"inLanguage\":\"fr-FR\"},{\"@type\":\"Organization\",\"@id\":\"https:\/\/glutenfrei-laktosefrei.ch\/fr\/#organization\",\"name\":\"A-B-W Riesen GmbH\",\"url\":\"https:\/\/glutenfrei-laktosefrei.ch\/fr\/\",\"logo\":{\"@type\":\"ImageObject\",\"inLanguage\":\"fr-FR\",\"@id\":\"https:\/\/glutenfrei-laktosefrei.ch\/fr\/#\/schema\/logo\/image\/\",\"url\":\"https:\/\/glutenfrei-laktosefrei.ch\/wp-content\/uploads\/2024\/12\/fav_2024.png\",\"contentUrl\":\"https:\/\/glutenfrei-laktosefrei.ch\/wp-content\/uploads\/2024\/12\/fav_2024.png\",\"width\":100,\"height\":100,\"caption\":\"A-B-W Riesen GmbH\"},\"image\":{\"@id\":\"https:\/\/glutenfrei-laktosefrei.ch\/fr\/#\/schema\/logo\/image\/\"}}]}<\/script>\n<!-- \/ Yoast SEO plugin. -->","yoast_head_json":{"title":"Bricelets | A-B-W Riesen GmbH","robots":{"index":"index","follow":"follow","max-snippet":"max-snippet:-1","max-image-preview":"max-image-preview:large","max-video-preview":"max-video-preview:-1"},"canonical":"https:\/\/glutenfrei-laktosefrei.ch\/fr\/produit\/coeur-de-spitzbuben-kopie\/","og_locale":"fr_FR","og_type":"article","og_title":"Bricelets | A-B-W Riesen GmbH","og_description":"125g","og_url":"https:\/\/glutenfrei-laktosefrei.ch\/fr\/produit\/coeur-de-spitzbuben-kopie\/","og_site_name":"A-B-W Riesen GmbH","article_modified_time":"2025-12-05T08:12:03+00:00","og_image":[{"width":2560,"height":2265,"url":"https:\/\/glutenfrei-laktosefrei.ch\/wp-content\/uploads\/2025\/12\/bretzli-scaled.webp","type":"image\/png"}],"twitter_card":"summary_large_image","schema":{"@context":"https:\/\/schema.org","@graph":[{"@type":"WebPage","@id":"https:\/\/glutenfrei-laktosefrei.ch\/fr\/produit\/coeur-de-spitzbuben-kopie\/","url":"https:\/\/glutenfrei-laktosefrei.ch\/fr\/produit\/coeur-de-spitzbuben-kopie\/","name":"Bricelets | A-B-W Riesen GmbH","isPartOf":{"@id":"https:\/\/glutenfrei-laktosefrei.ch\/fr\/#website"},"primaryImageOfPage":{"@id":"https:\/\/glutenfrei-laktosefrei.ch\/fr\/produit\/coeur-de-spitzbuben-kopie\/#primaryimage"},"image":{"@id":"https:\/\/glutenfrei-laktosefrei.ch\/fr\/produit\/coeur-de-spitzbuben-kopie\/#primaryimage"},"thumbnailUrl":"https:\/\/glutenfrei-laktosefrei.ch\/wp-content\/uploads\/2025\/12\/bretzli-scaled.webp","datePublished":"2025-12-05T08:08:53+00:00","dateModified":"2025-12-05T08:12:03+00:00","breadcrumb":{"@id":"https:\/\/glutenfrei-laktosefrei.ch\/fr\/produit\/coeur-de-spitzbuben-kopie\/#breadcrumb"},"inLanguage":"fr-FR","potentialAction":[{"@type":"ReadAction","target":["https:\/\/glutenfrei-laktosefrei.ch\/fr\/produit\/coeur-de-spitzbuben-kopie\/"]}]},{"@type":"ImageObject","inLanguage":"fr-FR","@id":"https:\/\/glutenfrei-laktosefrei.ch\/fr\/produit\/coeur-de-spitzbuben-kopie\/#primaryimage","url":"https:\/\/glutenfrei-laktosefrei.ch\/wp-content\/uploads\/2025\/12\/bretzli-scaled.webp","contentUrl":"https:\/\/glutenfrei-laktosefrei.ch\/wp-content\/uploads\/2025\/12\/bretzli-scaled.webp","width":1920,"height":1699},{"@type":"BreadcrumbList","@id":"https:\/\/glutenfrei-laktosefrei.ch\/fr\/produit\/coeur-de-spitzbuben-kopie\/#breadcrumb","itemListElement":[{"@type":"ListItem","position":1,"name":"Home","item":"https:\/\/glutenfrei-laktosefrei.ch\/fr\/"},{"@type":"ListItem","position":2,"name":"Boutique","item":"https:\/\/glutenfrei-laktosefrei.ch\/fr\/boutique\/"},{"@type":"ListItem","position":3,"name":"Bricelets"}]},{"@type":"WebSite","@id":"https:\/\/glutenfrei-laktosefrei.ch\/fr\/#website","url":"https:\/\/glutenfrei-laktosefrei.ch\/fr\/","name":"A-B-W Riesen GmbH","description":"","publisher":{"@id":"https:\/\/glutenfrei-laktosefrei.ch\/fr\/#organization"},"potentialAction":[{"@type":"SearchAction","target":{"@type":"EntryPoint","urlTemplate":"https:\/\/glutenfrei-laktosefrei.ch\/fr\/?s={search_term_string}"},"query-input":{"@type":"PropertyValueSpecification","valueRequired":true,"valueName":"search_term_string"}}],"inLanguage":"fr-FR"},{"@type":"Organization","@id":"https:\/\/glutenfrei-laktosefrei.ch\/fr\/#organization","name":"A-B-W Riesen GmbH","url":"https:\/\/glutenfrei-laktosefrei.ch\/fr\/","logo":{"@type":"ImageObject","inLanguage":"fr-FR","@id":"https:\/\/glutenfrei-laktosefrei.ch\/fr\/#\/schema\/logo\/image\/","url":"https:\/\/glutenfrei-laktosefrei.ch\/wp-content\/uploads\/2024\/12\/fav_2024.png","contentUrl":"https:\/\/glutenfrei-laktosefrei.ch\/wp-content\/uploads\/2024\/12\/fav_2024.png","width":100,"height":100,"caption":"A-B-W Riesen GmbH"},"image":{"@id":"https:\/\/glutenfrei-laktosefrei.ch\/fr\/#\/schema\/logo\/image\/"}}]}},"_links":{"self":[{"href":"https:\/\/glutenfrei-laktosefrei.ch\/fr\/wp-json\/wp\/v2\/product\/5921","targetHints":{"allow":["GET"]}}],"collection":[{"href":"https:\/\/glutenfrei-laktosefrei.ch\/fr\/wp-json\/wp\/v2\/product"}],"about":[{"href":"https:\/\/glutenfrei-laktosefrei.ch\/fr\/wp-json\/wp\/v2\/types\/product"}],"replies":[{"embeddable":true,"href":"https:\/\/glutenfrei-laktosefrei.ch\/fr\/wp-json\/wp\/v2\/comments?post=5921"}],"wp:featuredmedia":[{"embeddable":true,"href":"https:\/\/glutenfrei-laktosefrei.ch\/fr\/wp-json\/wp\/v2\/media\/5925"}],"wp:attachment":[{"href":"https:\/\/glutenfrei-laktosefrei.ch\/fr\/wp-json\/wp\/v2\/media?parent=5921"}],"wp:term":[{"taxonomy":"product_brand","embeddable":true,"href":"https:\/\/glutenfrei-laktosefrei.ch\/fr\/wp-json\/wp\/v2\/product_brand?post=5921"},{"taxonomy":"product_cat","embeddable":true,"href":"https:\/\/glutenfrei-laktosefrei.ch\/fr\/wp-json\/wp\/v2\/product_cat?post=5921"},{"taxonomy":"product_tag","embeddable":true,"href":"https:\/\/glutenfrei-laktosefrei.ch\/fr\/wp-json\/wp\/v2\/product_tag?post=5921"}],"curies":[{"name":"wp","href":"https:\/\/api.w.org\/{rel}","templated":true}]}}