{"id":5207,"date":"2025-09-20T21:01:19","date_gmt":"2025-09-20T19:01:19","guid":{"rendered":"https:\/\/glutenfrei-laktosefrei.ch\/produkt\/farine-a-gateau\/"},"modified":"2025-12-05T04:55:12","modified_gmt":"2025-12-05T03:55:12","slug":"farine-a-gateau","status":"publish","type":"product","link":"https:\/\/glutenfrei-laktosefrei.ch\/fr\/produit\/farine-a-gateau\/","title":{"rendered":"Farine \u00e0 g\u00e2teau"},"content":{"rendered":"<p><strong>Ingr\u00e9dients <\/strong>: farine de riz bio, farine de ma\u00efs bio, f\u00e9cule de ma\u00efs, poudre de vanille, gomme de guar bio, sucre, tapioca.<\/p>\n<p><strong>Conseils<\/strong>: Notre m\u00e9lange de farine est con\u00e7u pour ressembler beaucoup \u00e0 un m\u00e9lange de farine normal contenant du gluten. Vous pouvez donc utiliser n&rsquo;importe quelle recette de cuisson que vous souhaitez. Il vous suffit de doubler la quantit\u00e9 de liquide (lait, eau, \u0153uf, etc.) requise par votre recette.  <\/p>\n<p><img decoding=\"async\" class=\"lazyload wp-image-5108 size-full alignnone\" src=\"data:image\/svg+xml,%3Csvg%20xmlns%3D%27http%3A%2F%2Fwww.w3.org%2F2000%2Fsvg%27%20width%3D%27723%27%20height%3D%27434%27%20viewBox%3D%270%200%20723%20434%27%3E%3Crect%20width%3D%27723%27%20height%3D%27434%27%20fill-opacity%3D%220%22%2F%3E%3C%2Fsvg%3E\" data-orig-src=\"https:\/\/glutenfrei-laktosefrei.ch\/wp-content\/uploads\/2025\/09\/kuchen-french.webp\" alt=\"\" width=\"723\" height=\"434\"><\/p>\n<p><img decoding=\"async\" class=\"lazyload wp-image-5111 size-full alignnone\" src=\"https:\/\/glutenfrei-laktosefrei.ch\/wp-content\/uploads\/2025\/09\/kuchenrezept.webp\" data-orig-src=\"https:\/\/glutenfrei-laktosefrei.ch\/wp-content\/uploads\/2025\/09\/kuchenrezept.webp\" alt=\"\" width=\"547\" height=\"281\" srcset=\"data:image\/svg+xml,%3Csvg%20xmlns%3D%27http%3A%2F%2Fwww.w3.org%2F2000%2Fsvg%27%20width%3D%27547%27%20height%3D%27281%27%20viewBox%3D%270%200%20547%20281%27%3E%3Crect%20width%3D%27547%27%20height%3D%27281%27%20fill-opacity%3D%220%22%2F%3E%3C%2Fsvg%3E\" data-srcset=\"https:\/\/glutenfrei-laktosefrei.ch\/wp-content\/uploads\/2025\/09\/kuchenrezept-200x103.webp 200w, https:\/\/glutenfrei-laktosefrei.ch\/wp-content\/uploads\/2025\/09\/kuchenrezept-300x154.webp 300w, https:\/\/glutenfrei-laktosefrei.ch\/wp-content\/uploads\/2025\/09\/kuchenrezept-400x205.webp 400w, https:\/\/glutenfrei-laktosefrei.ch\/wp-content\/uploads\/2025\/09\/kuchenrezept-500x257.webp 500w, https:\/\/glutenfrei-laktosefrei.ch\/wp-content\/uploads\/2025\/09\/kuchenrezept.webp 547w\" data-sizes=\"auto\" data-orig-sizes=\"(max-width: 547px) 100vw, 547px\" \/><\/p>\n","protected":false},"excerpt":{"rendered":"<p>1 kg<\/p>\n","protected":false},"featured_media":5107,"comment_status":"open","ping_status":"closed","template":"","meta":[],"product_brand":[],"product_cat":[196],"product_tag":[202,203,204],"class_list":{"0":"post-5207","1":"product","2":"type-product","3":"status-publish","4":"has-post-thumbnail","6":"product_cat-patisseries","7":"product_tag-sans-gluten","8":"product_tag-sans-lait","9":"product_tag-sans-noix","11":"first","12":"instock","13":"taxable","14":"shipping-taxable","15":"purchasable","16":"product-type-simple"},"yoast_head":"<!-- This site is optimized with the Yoast SEO plugin v26.6 - https:\/\/yoast.com\/wordpress\/plugins\/seo\/ -->\n<title>Farine \u00e0 g\u00e2teau | A-B-W Riesen GmbH<\/title>\n<meta name=\"robots\" content=\"index, follow, max-snippet:-1, max-image-preview:large, max-video-preview:-1\" \/>\n<link rel=\"canonical\" href=\"https:\/\/glutenfrei-laktosefrei.ch\/fr\/produit\/farine-a-gateau\/\" \/>\n<meta property=\"og:locale\" content=\"fr_FR\" \/>\n<meta property=\"og:type\" content=\"article\" \/>\n<meta property=\"og:title\" content=\"Farine \u00e0 g\u00e2teau | A-B-W Riesen GmbH\" \/>\n<meta property=\"og:description\" content=\"1 kg\" \/>\n<meta property=\"og:url\" content=\"https:\/\/glutenfrei-laktosefrei.ch\/fr\/produit\/farine-a-gateau\/\" \/>\n<meta property=\"og:site_name\" content=\"A-B-W Riesen GmbH\" \/>\n<meta property=\"article:modified_time\" content=\"2025-12-05T03:55:12+00:00\" \/>\n<meta property=\"og:image\" content=\"https:\/\/glutenfrei-laktosefrei.ch\/wp-content\/uploads\/2025\/09\/68d08c95-b5b8-4fcf-af9f-7f58c044c1b1.webp\" \/>\n\t<meta property=\"og:image:width\" content=\"1368\" \/>\n\t<meta property=\"og:image:height\" content=\"1368\" \/>\n\t<meta property=\"og:image:type\" content=\"image\/jpeg\" \/>\n<meta name=\"twitter:card\" content=\"summary_large_image\" \/>\n<script type=\"application\/ld+json\" class=\"yoast-schema-graph\">{\"@context\":\"https:\/\/schema.org\",\"@graph\":[{\"@type\":\"WebPage\",\"@id\":\"https:\/\/glutenfrei-laktosefrei.ch\/fr\/produit\/farine-a-gateau\/\",\"url\":\"https:\/\/glutenfrei-laktosefrei.ch\/fr\/produit\/farine-a-gateau\/\",\"name\":\"Farine \u00e0 g\u00e2teau | A-B-W Riesen GmbH\",\"isPartOf\":{\"@id\":\"https:\/\/glutenfrei-laktosefrei.ch\/fr\/#website\"},\"primaryImageOfPage\":{\"@id\":\"https:\/\/glutenfrei-laktosefrei.ch\/fr\/produit\/farine-a-gateau\/#primaryimage\"},\"image\":{\"@id\":\"https:\/\/glutenfrei-laktosefrei.ch\/fr\/produit\/farine-a-gateau\/#primaryimage\"},\"thumbnailUrl\":\"https:\/\/glutenfrei-laktosefrei.ch\/wp-content\/uploads\/2025\/09\/68d08c95-b5b8-4fcf-af9f-7f58c044c1b1.webp\",\"datePublished\":\"2025-09-20T19:01:19+00:00\",\"dateModified\":\"2025-12-05T03:55:12+00:00\",\"breadcrumb\":{\"@id\":\"https:\/\/glutenfrei-laktosefrei.ch\/fr\/produit\/farine-a-gateau\/#breadcrumb\"},\"inLanguage\":\"fr-FR\",\"potentialAction\":[{\"@type\":\"ReadAction\",\"target\":[\"https:\/\/glutenfrei-laktosefrei.ch\/fr\/produit\/farine-a-gateau\/\"]}]},{\"@type\":\"ImageObject\",\"inLanguage\":\"fr-FR\",\"@id\":\"https:\/\/glutenfrei-laktosefrei.ch\/fr\/produit\/farine-a-gateau\/#primaryimage\",\"url\":\"https:\/\/glutenfrei-laktosefrei.ch\/wp-content\/uploads\/2025\/09\/68d08c95-b5b8-4fcf-af9f-7f58c044c1b1.webp\",\"contentUrl\":\"https:\/\/glutenfrei-laktosefrei.ch\/wp-content\/uploads\/2025\/09\/68d08c95-b5b8-4fcf-af9f-7f58c044c1b1.webp\",\"width\":1368,\"height\":1368},{\"@type\":\"BreadcrumbList\",\"@id\":\"https:\/\/glutenfrei-laktosefrei.ch\/fr\/produit\/farine-a-gateau\/#breadcrumb\",\"itemListElement\":[{\"@type\":\"ListItem\",\"position\":1,\"name\":\"Home\",\"item\":\"https:\/\/glutenfrei-laktosefrei.ch\/fr\/\"},{\"@type\":\"ListItem\",\"position\":2,\"name\":\"Boutique\",\"item\":\"https:\/\/glutenfrei-laktosefrei.ch\/fr\/boutique\/\"},{\"@type\":\"ListItem\",\"position\":3,\"name\":\"Farine \u00e0 g\u00e2teau\"}]},{\"@type\":\"WebSite\",\"@id\":\"https:\/\/glutenfrei-laktosefrei.ch\/fr\/#website\",\"url\":\"https:\/\/glutenfrei-laktosefrei.ch\/fr\/\",\"name\":\"A-B-W Riesen GmbH\",\"description\":\"\",\"publisher\":{\"@id\":\"https:\/\/glutenfrei-laktosefrei.ch\/fr\/#organization\"},\"potentialAction\":[{\"@type\":\"SearchAction\",\"target\":{\"@type\":\"EntryPoint\",\"urlTemplate\":\"https:\/\/glutenfrei-laktosefrei.ch\/fr\/?s={search_term_string}\"},\"query-input\":{\"@type\":\"PropertyValueSpecification\",\"valueRequired\":true,\"valueName\":\"search_term_string\"}}],\"inLanguage\":\"fr-FR\"},{\"@type\":\"Organization\",\"@id\":\"https:\/\/glutenfrei-laktosefrei.ch\/fr\/#organization\",\"name\":\"A-B-W Riesen GmbH\",\"url\":\"https:\/\/glutenfrei-laktosefrei.ch\/fr\/\",\"logo\":{\"@type\":\"ImageObject\",\"inLanguage\":\"fr-FR\",\"@id\":\"https:\/\/glutenfrei-laktosefrei.ch\/fr\/#\/schema\/logo\/image\/\",\"url\":\"https:\/\/glutenfrei-laktosefrei.ch\/wp-content\/uploads\/2024\/12\/fav_2024.png\",\"contentUrl\":\"https:\/\/glutenfrei-laktosefrei.ch\/wp-content\/uploads\/2024\/12\/fav_2024.png\",\"width\":100,\"height\":100,\"caption\":\"A-B-W Riesen GmbH\"},\"image\":{\"@id\":\"https:\/\/glutenfrei-laktosefrei.ch\/fr\/#\/schema\/logo\/image\/\"}}]}<\/script>\n<!-- \/ Yoast SEO plugin. -->","yoast_head_json":{"title":"Farine \u00e0 g\u00e2teau | A-B-W Riesen GmbH","robots":{"index":"index","follow":"follow","max-snippet":"max-snippet:-1","max-image-preview":"max-image-preview:large","max-video-preview":"max-video-preview:-1"},"canonical":"https:\/\/glutenfrei-laktosefrei.ch\/fr\/produit\/farine-a-gateau\/","og_locale":"fr_FR","og_type":"article","og_title":"Farine \u00e0 g\u00e2teau | A-B-W Riesen GmbH","og_description":"1 kg","og_url":"https:\/\/glutenfrei-laktosefrei.ch\/fr\/produit\/farine-a-gateau\/","og_site_name":"A-B-W Riesen GmbH","article_modified_time":"2025-12-05T03:55:12+00:00","og_image":[{"width":1368,"height":1368,"url":"https:\/\/glutenfrei-laktosefrei.ch\/wp-content\/uploads\/2025\/09\/68d08c95-b5b8-4fcf-af9f-7f58c044c1b1.webp","type":"image\/jpeg"}],"twitter_card":"summary_large_image","schema":{"@context":"https:\/\/schema.org","@graph":[{"@type":"WebPage","@id":"https:\/\/glutenfrei-laktosefrei.ch\/fr\/produit\/farine-a-gateau\/","url":"https:\/\/glutenfrei-laktosefrei.ch\/fr\/produit\/farine-a-gateau\/","name":"Farine \u00e0 g\u00e2teau | A-B-W Riesen GmbH","isPartOf":{"@id":"https:\/\/glutenfrei-laktosefrei.ch\/fr\/#website"},"primaryImageOfPage":{"@id":"https:\/\/glutenfrei-laktosefrei.ch\/fr\/produit\/farine-a-gateau\/#primaryimage"},"image":{"@id":"https:\/\/glutenfrei-laktosefrei.ch\/fr\/produit\/farine-a-gateau\/#primaryimage"},"thumbnailUrl":"https:\/\/glutenfrei-laktosefrei.ch\/wp-content\/uploads\/2025\/09\/68d08c95-b5b8-4fcf-af9f-7f58c044c1b1.webp","datePublished":"2025-09-20T19:01:19+00:00","dateModified":"2025-12-05T03:55:12+00:00","breadcrumb":{"@id":"https:\/\/glutenfrei-laktosefrei.ch\/fr\/produit\/farine-a-gateau\/#breadcrumb"},"inLanguage":"fr-FR","potentialAction":[{"@type":"ReadAction","target":["https:\/\/glutenfrei-laktosefrei.ch\/fr\/produit\/farine-a-gateau\/"]}]},{"@type":"ImageObject","inLanguage":"fr-FR","@id":"https:\/\/glutenfrei-laktosefrei.ch\/fr\/produit\/farine-a-gateau\/#primaryimage","url":"https:\/\/glutenfrei-laktosefrei.ch\/wp-content\/uploads\/2025\/09\/68d08c95-b5b8-4fcf-af9f-7f58c044c1b1.webp","contentUrl":"https:\/\/glutenfrei-laktosefrei.ch\/wp-content\/uploads\/2025\/09\/68d08c95-b5b8-4fcf-af9f-7f58c044c1b1.webp","width":1368,"height":1368},{"@type":"BreadcrumbList","@id":"https:\/\/glutenfrei-laktosefrei.ch\/fr\/produit\/farine-a-gateau\/#breadcrumb","itemListElement":[{"@type":"ListItem","position":1,"name":"Home","item":"https:\/\/glutenfrei-laktosefrei.ch\/fr\/"},{"@type":"ListItem","position":2,"name":"Boutique","item":"https:\/\/glutenfrei-laktosefrei.ch\/fr\/boutique\/"},{"@type":"ListItem","position":3,"name":"Farine \u00e0 g\u00e2teau"}]},{"@type":"WebSite","@id":"https:\/\/glutenfrei-laktosefrei.ch\/fr\/#website","url":"https:\/\/glutenfrei-laktosefrei.ch\/fr\/","name":"A-B-W Riesen GmbH","description":"","publisher":{"@id":"https:\/\/glutenfrei-laktosefrei.ch\/fr\/#organization"},"potentialAction":[{"@type":"SearchAction","target":{"@type":"EntryPoint","urlTemplate":"https:\/\/glutenfrei-laktosefrei.ch\/fr\/?s={search_term_string}"},"query-input":{"@type":"PropertyValueSpecification","valueRequired":true,"valueName":"search_term_string"}}],"inLanguage":"fr-FR"},{"@type":"Organization","@id":"https:\/\/glutenfrei-laktosefrei.ch\/fr\/#organization","name":"A-B-W Riesen GmbH","url":"https:\/\/glutenfrei-laktosefrei.ch\/fr\/","logo":{"@type":"ImageObject","inLanguage":"fr-FR","@id":"https:\/\/glutenfrei-laktosefrei.ch\/fr\/#\/schema\/logo\/image\/","url":"https:\/\/glutenfrei-laktosefrei.ch\/wp-content\/uploads\/2024\/12\/fav_2024.png","contentUrl":"https:\/\/glutenfrei-laktosefrei.ch\/wp-content\/uploads\/2024\/12\/fav_2024.png","width":100,"height":100,"caption":"A-B-W Riesen GmbH"},"image":{"@id":"https:\/\/glutenfrei-laktosefrei.ch\/fr\/#\/schema\/logo\/image\/"}}]}},"_links":{"self":[{"href":"https:\/\/glutenfrei-laktosefrei.ch\/fr\/wp-json\/wp\/v2\/product\/5207","targetHints":{"allow":["GET"]}}],"collection":[{"href":"https:\/\/glutenfrei-laktosefrei.ch\/fr\/wp-json\/wp\/v2\/product"}],"about":[{"href":"https:\/\/glutenfrei-laktosefrei.ch\/fr\/wp-json\/wp\/v2\/types\/product"}],"replies":[{"embeddable":true,"href":"https:\/\/glutenfrei-laktosefrei.ch\/fr\/wp-json\/wp\/v2\/comments?post=5207"}],"wp:featuredmedia":[{"embeddable":true,"href":"https:\/\/glutenfrei-laktosefrei.ch\/fr\/wp-json\/wp\/v2\/media\/5107"}],"wp:attachment":[{"href":"https:\/\/glutenfrei-laktosefrei.ch\/fr\/wp-json\/wp\/v2\/media?parent=5207"}],"wp:term":[{"taxonomy":"product_brand","embeddable":true,"href":"https:\/\/glutenfrei-laktosefrei.ch\/fr\/wp-json\/wp\/v2\/product_brand?post=5207"},{"taxonomy":"product_cat","embeddable":true,"href":"https:\/\/glutenfrei-laktosefrei.ch\/fr\/wp-json\/wp\/v2\/product_cat?post=5207"},{"taxonomy":"product_tag","embeddable":true,"href":"https:\/\/glutenfrei-laktosefrei.ch\/fr\/wp-json\/wp\/v2\/product_tag?post=5207"}],"curies":[{"name":"wp","href":"https:\/\/api.w.org\/{rel}","templated":true}]}}