{"id":5203,"date":"2025-09-27T11:20:22","date_gmt":"2025-09-27T09:20:22","guid":{"rendered":"https:\/\/glutenfrei-laktosefrei.ch\/produkt\/chapelure\/"},"modified":"2025-12-05T04:10:00","modified_gmt":"2025-12-05T03:10:00","slug":"chapelure","status":"publish","type":"product","link":"https:\/\/glutenfrei-laktosefrei.ch\/fr\/produit\/chapelure\/","title":{"rendered":"Chapelure"},"content":{"rendered":"<p><strong>Ingr\u00e9dients :<\/strong> Eau, farine de riz, amidon de ma\u00efs, levure s\u00e8che (\u00e9mulsifiant), huile, margarine, sucre, enveloppe de psyllium, tapioca, sel, farine de graines de guar (\u00e9paississant), thym (s\u00e9ch\u00e9).<\/p>\n<p><img decoding=\"async\" class=\"lazyload alignnone wp-image-5176 size-full\" src=\"https:\/\/glutenfrei-laktosefrei.ch\/wp-content\/uploads\/2025\/09\/paniermehl.webp\" data-orig-src=\"https:\/\/glutenfrei-laktosefrei.ch\/wp-content\/uploads\/2025\/09\/paniermehl.webp\" alt=\"\" width=\"715\" height=\"427\" srcset=\"data:image\/svg+xml,%3Csvg%20xmlns%3D%27http%3A%2F%2Fwww.w3.org%2F2000%2Fsvg%27%20width%3D%27715%27%20height%3D%27427%27%20viewBox%3D%270%200%20715%20427%27%3E%3Crect%20width%3D%27715%27%20height%3D%27427%27%20fill-opacity%3D%220%22%2F%3E%3C%2Fsvg%3E\" data-srcset=\"https:\/\/glutenfrei-laktosefrei.ch\/wp-content\/uploads\/2025\/09\/paniermehl-200x119.webp 200w, https:\/\/glutenfrei-laktosefrei.ch\/wp-content\/uploads\/2025\/09\/paniermehl-300x179.webp 300w, https:\/\/glutenfrei-laktosefrei.ch\/wp-content\/uploads\/2025\/09\/paniermehl-400x239.webp 400w, https:\/\/glutenfrei-laktosefrei.ch\/wp-content\/uploads\/2025\/09\/paniermehl-500x299.webp 500w, https:\/\/glutenfrei-laktosefrei.ch\/wp-content\/uploads\/2025\/09\/paniermehl-600x358.webp 600w, https:\/\/glutenfrei-laktosefrei.ch\/wp-content\/uploads\/2025\/09\/paniermehl-700x418.webp 700w, https:\/\/glutenfrei-laktosefrei.ch\/wp-content\/uploads\/2025\/09\/paniermehl.webp 715w\" data-sizes=\"auto\" data-orig-sizes=\"(max-width: 715px) 100vw, 715px\" \/><\/p>\n","protected":false},"excerpt":{"rendered":"<p>500g<\/p>\n","protected":false},"featured_media":5179,"comment_status":"open","ping_status":"closed","template":"","meta":[],"product_brand":[],"product_cat":[194],"product_tag":[202,203,204],"class_list":{"0":"post-5203","1":"product","2":"type-product","3":"status-publish","4":"has-post-thumbnail","6":"product_cat-pain","7":"product_tag-sans-gluten","8":"product_tag-sans-lait","9":"product_tag-sans-noix","11":"first","12":"instock","13":"taxable","14":"shipping-taxable","15":"purchasable","16":"product-type-simple"},"yoast_head":"<!-- This site is optimized with the Yoast SEO plugin v26.6 - https:\/\/yoast.com\/wordpress\/plugins\/seo\/ -->\n<title>Chapelure | A-B-W Riesen GmbH<\/title>\n<meta name=\"robots\" content=\"index, follow, max-snippet:-1, max-image-preview:large, max-video-preview:-1\" \/>\n<link rel=\"canonical\" href=\"https:\/\/glutenfrei-laktosefrei.ch\/fr\/produit\/chapelure\/\" \/>\n<meta property=\"og:locale\" content=\"fr_FR\" \/>\n<meta property=\"og:type\" content=\"article\" \/>\n<meta property=\"og:title\" content=\"Chapelure | A-B-W Riesen GmbH\" \/>\n<meta property=\"og:description\" content=\"500g\" \/>\n<meta property=\"og:url\" content=\"https:\/\/glutenfrei-laktosefrei.ch\/fr\/produit\/chapelure\/\" \/>\n<meta property=\"og:site_name\" content=\"A-B-W Riesen GmbH\" \/>\n<meta property=\"article:modified_time\" content=\"2025-12-05T03:10:00+00:00\" \/>\n<meta property=\"og:image\" content=\"https:\/\/glutenfrei-laktosefrei.ch\/wp-content\/uploads\/2025\/09\/WhatsApp-Image-2025-09-27-at-10.16.18.webp\" \/>\n\t<meta property=\"og:image:width\" content=\"1257\" \/>\n\t<meta property=\"og:image:height\" content=\"1315\" \/>\n\t<meta property=\"og:image:type\" content=\"image\/jpeg\" \/>\n<meta name=\"twitter:card\" content=\"summary_large_image\" \/>\n<script type=\"application\/ld+json\" class=\"yoast-schema-graph\">{\"@context\":\"https:\/\/schema.org\",\"@graph\":[{\"@type\":\"WebPage\",\"@id\":\"https:\/\/glutenfrei-laktosefrei.ch\/fr\/produit\/chapelure\/\",\"url\":\"https:\/\/glutenfrei-laktosefrei.ch\/fr\/produit\/chapelure\/\",\"name\":\"Chapelure | A-B-W Riesen GmbH\",\"isPartOf\":{\"@id\":\"https:\/\/glutenfrei-laktosefrei.ch\/fr\/#website\"},\"primaryImageOfPage\":{\"@id\":\"https:\/\/glutenfrei-laktosefrei.ch\/fr\/produit\/chapelure\/#primaryimage\"},\"image\":{\"@id\":\"https:\/\/glutenfrei-laktosefrei.ch\/fr\/produit\/chapelure\/#primaryimage\"},\"thumbnailUrl\":\"https:\/\/glutenfrei-laktosefrei.ch\/wp-content\/uploads\/2025\/09\/WhatsApp-Image-2025-09-27-at-10.16.18.webp\",\"datePublished\":\"2025-09-27T09:20:22+00:00\",\"dateModified\":\"2025-12-05T03:10:00+00:00\",\"breadcrumb\":{\"@id\":\"https:\/\/glutenfrei-laktosefrei.ch\/fr\/produit\/chapelure\/#breadcrumb\"},\"inLanguage\":\"fr-FR\",\"potentialAction\":[{\"@type\":\"ReadAction\",\"target\":[\"https:\/\/glutenfrei-laktosefrei.ch\/fr\/produit\/chapelure\/\"]}]},{\"@type\":\"ImageObject\",\"inLanguage\":\"fr-FR\",\"@id\":\"https:\/\/glutenfrei-laktosefrei.ch\/fr\/produit\/chapelure\/#primaryimage\",\"url\":\"https:\/\/glutenfrei-laktosefrei.ch\/wp-content\/uploads\/2025\/09\/WhatsApp-Image-2025-09-27-at-10.16.18.webp\",\"contentUrl\":\"https:\/\/glutenfrei-laktosefrei.ch\/wp-content\/uploads\/2025\/09\/WhatsApp-Image-2025-09-27-at-10.16.18.webp\",\"width\":1257,\"height\":1315},{\"@type\":\"BreadcrumbList\",\"@id\":\"https:\/\/glutenfrei-laktosefrei.ch\/fr\/produit\/chapelure\/#breadcrumb\",\"itemListElement\":[{\"@type\":\"ListItem\",\"position\":1,\"name\":\"Home\",\"item\":\"https:\/\/glutenfrei-laktosefrei.ch\/fr\/\"},{\"@type\":\"ListItem\",\"position\":2,\"name\":\"Boutique\",\"item\":\"https:\/\/glutenfrei-laktosefrei.ch\/fr\/boutique\/\"},{\"@type\":\"ListItem\",\"position\":3,\"name\":\"Chapelure\"}]},{\"@type\":\"WebSite\",\"@id\":\"https:\/\/glutenfrei-laktosefrei.ch\/fr\/#website\",\"url\":\"https:\/\/glutenfrei-laktosefrei.ch\/fr\/\",\"name\":\"A-B-W Riesen GmbH\",\"description\":\"\",\"publisher\":{\"@id\":\"https:\/\/glutenfrei-laktosefrei.ch\/fr\/#organization\"},\"potentialAction\":[{\"@type\":\"SearchAction\",\"target\":{\"@type\":\"EntryPoint\",\"urlTemplate\":\"https:\/\/glutenfrei-laktosefrei.ch\/fr\/?s={search_term_string}\"},\"query-input\":{\"@type\":\"PropertyValueSpecification\",\"valueRequired\":true,\"valueName\":\"search_term_string\"}}],\"inLanguage\":\"fr-FR\"},{\"@type\":\"Organization\",\"@id\":\"https:\/\/glutenfrei-laktosefrei.ch\/fr\/#organization\",\"name\":\"A-B-W Riesen GmbH\",\"url\":\"https:\/\/glutenfrei-laktosefrei.ch\/fr\/\",\"logo\":{\"@type\":\"ImageObject\",\"inLanguage\":\"fr-FR\",\"@id\":\"https:\/\/glutenfrei-laktosefrei.ch\/fr\/#\/schema\/logo\/image\/\",\"url\":\"https:\/\/glutenfrei-laktosefrei.ch\/wp-content\/uploads\/2024\/12\/fav_2024.png\",\"contentUrl\":\"https:\/\/glutenfrei-laktosefrei.ch\/wp-content\/uploads\/2024\/12\/fav_2024.png\",\"width\":100,\"height\":100,\"caption\":\"A-B-W Riesen GmbH\"},\"image\":{\"@id\":\"https:\/\/glutenfrei-laktosefrei.ch\/fr\/#\/schema\/logo\/image\/\"}}]}<\/script>\n<!-- \/ Yoast SEO plugin. -->","yoast_head_json":{"title":"Chapelure | A-B-W Riesen GmbH","robots":{"index":"index","follow":"follow","max-snippet":"max-snippet:-1","max-image-preview":"max-image-preview:large","max-video-preview":"max-video-preview:-1"},"canonical":"https:\/\/glutenfrei-laktosefrei.ch\/fr\/produit\/chapelure\/","og_locale":"fr_FR","og_type":"article","og_title":"Chapelure | A-B-W Riesen GmbH","og_description":"500g","og_url":"https:\/\/glutenfrei-laktosefrei.ch\/fr\/produit\/chapelure\/","og_site_name":"A-B-W Riesen GmbH","article_modified_time":"2025-12-05T03:10:00+00:00","og_image":[{"width":1257,"height":1315,"url":"https:\/\/glutenfrei-laktosefrei.ch\/wp-content\/uploads\/2025\/09\/WhatsApp-Image-2025-09-27-at-10.16.18.webp","type":"image\/jpeg"}],"twitter_card":"summary_large_image","schema":{"@context":"https:\/\/schema.org","@graph":[{"@type":"WebPage","@id":"https:\/\/glutenfrei-laktosefrei.ch\/fr\/produit\/chapelure\/","url":"https:\/\/glutenfrei-laktosefrei.ch\/fr\/produit\/chapelure\/","name":"Chapelure | A-B-W Riesen GmbH","isPartOf":{"@id":"https:\/\/glutenfrei-laktosefrei.ch\/fr\/#website"},"primaryImageOfPage":{"@id":"https:\/\/glutenfrei-laktosefrei.ch\/fr\/produit\/chapelure\/#primaryimage"},"image":{"@id":"https:\/\/glutenfrei-laktosefrei.ch\/fr\/produit\/chapelure\/#primaryimage"},"thumbnailUrl":"https:\/\/glutenfrei-laktosefrei.ch\/wp-content\/uploads\/2025\/09\/WhatsApp-Image-2025-09-27-at-10.16.18.webp","datePublished":"2025-09-27T09:20:22+00:00","dateModified":"2025-12-05T03:10:00+00:00","breadcrumb":{"@id":"https:\/\/glutenfrei-laktosefrei.ch\/fr\/produit\/chapelure\/#breadcrumb"},"inLanguage":"fr-FR","potentialAction":[{"@type":"ReadAction","target":["https:\/\/glutenfrei-laktosefrei.ch\/fr\/produit\/chapelure\/"]}]},{"@type":"ImageObject","inLanguage":"fr-FR","@id":"https:\/\/glutenfrei-laktosefrei.ch\/fr\/produit\/chapelure\/#primaryimage","url":"https:\/\/glutenfrei-laktosefrei.ch\/wp-content\/uploads\/2025\/09\/WhatsApp-Image-2025-09-27-at-10.16.18.webp","contentUrl":"https:\/\/glutenfrei-laktosefrei.ch\/wp-content\/uploads\/2025\/09\/WhatsApp-Image-2025-09-27-at-10.16.18.webp","width":1257,"height":1315},{"@type":"BreadcrumbList","@id":"https:\/\/glutenfrei-laktosefrei.ch\/fr\/produit\/chapelure\/#breadcrumb","itemListElement":[{"@type":"ListItem","position":1,"name":"Home","item":"https:\/\/glutenfrei-laktosefrei.ch\/fr\/"},{"@type":"ListItem","position":2,"name":"Boutique","item":"https:\/\/glutenfrei-laktosefrei.ch\/fr\/boutique\/"},{"@type":"ListItem","position":3,"name":"Chapelure"}]},{"@type":"WebSite","@id":"https:\/\/glutenfrei-laktosefrei.ch\/fr\/#website","url":"https:\/\/glutenfrei-laktosefrei.ch\/fr\/","name":"A-B-W Riesen GmbH","description":"","publisher":{"@id":"https:\/\/glutenfrei-laktosefrei.ch\/fr\/#organization"},"potentialAction":[{"@type":"SearchAction","target":{"@type":"EntryPoint","urlTemplate":"https:\/\/glutenfrei-laktosefrei.ch\/fr\/?s={search_term_string}"},"query-input":{"@type":"PropertyValueSpecification","valueRequired":true,"valueName":"search_term_string"}}],"inLanguage":"fr-FR"},{"@type":"Organization","@id":"https:\/\/glutenfrei-laktosefrei.ch\/fr\/#organization","name":"A-B-W Riesen GmbH","url":"https:\/\/glutenfrei-laktosefrei.ch\/fr\/","logo":{"@type":"ImageObject","inLanguage":"fr-FR","@id":"https:\/\/glutenfrei-laktosefrei.ch\/fr\/#\/schema\/logo\/image\/","url":"https:\/\/glutenfrei-laktosefrei.ch\/wp-content\/uploads\/2024\/12\/fav_2024.png","contentUrl":"https:\/\/glutenfrei-laktosefrei.ch\/wp-content\/uploads\/2024\/12\/fav_2024.png","width":100,"height":100,"caption":"A-B-W Riesen GmbH"},"image":{"@id":"https:\/\/glutenfrei-laktosefrei.ch\/fr\/#\/schema\/logo\/image\/"}}]}},"_links":{"self":[{"href":"https:\/\/glutenfrei-laktosefrei.ch\/fr\/wp-json\/wp\/v2\/product\/5203","targetHints":{"allow":["GET"]}}],"collection":[{"href":"https:\/\/glutenfrei-laktosefrei.ch\/fr\/wp-json\/wp\/v2\/product"}],"about":[{"href":"https:\/\/glutenfrei-laktosefrei.ch\/fr\/wp-json\/wp\/v2\/types\/product"}],"replies":[{"embeddable":true,"href":"https:\/\/glutenfrei-laktosefrei.ch\/fr\/wp-json\/wp\/v2\/comments?post=5203"}],"wp:featuredmedia":[{"embeddable":true,"href":"https:\/\/glutenfrei-laktosefrei.ch\/fr\/wp-json\/wp\/v2\/media\/5179"}],"wp:attachment":[{"href":"https:\/\/glutenfrei-laktosefrei.ch\/fr\/wp-json\/wp\/v2\/media?parent=5203"}],"wp:term":[{"taxonomy":"product_brand","embeddable":true,"href":"https:\/\/glutenfrei-laktosefrei.ch\/fr\/wp-json\/wp\/v2\/product_brand?post=5203"},{"taxonomy":"product_cat","embeddable":true,"href":"https:\/\/glutenfrei-laktosefrei.ch\/fr\/wp-json\/wp\/v2\/product_cat?post=5203"},{"taxonomy":"product_tag","embeddable":true,"href":"https:\/\/glutenfrei-laktosefrei.ch\/fr\/wp-json\/wp\/v2\/product_tag?post=5203"}],"curies":[{"name":"wp","href":"https:\/\/api.w.org\/{rel}","templated":true}]}}