{"id":4548,"date":"2025-06-25T05:54:33","date_gmt":"2025-06-25T03:54:33","guid":{"rendered":"https:\/\/glutenfrei-laktosefrei.ch\/produkt\/pain-de-campagne\/"},"modified":"2025-12-06T03:15:16","modified_gmt":"2025-12-06T02:15:16","slug":"pain-de-campagne","status":"publish","type":"product","link":"https:\/\/glutenfrei-laktosefrei.ch\/fr\/produit\/pain-de-campagne\/","title":{"rendered":"Pain de campagne v\u00e9gan"},"content":{"rendered":"<p><strong>Ingr\u00e9dients :<\/strong> farine de sarrasin bio, farine de riz, amidon de ma\u00efs, eau, margarine bio, huile d&rsquo;olive, gomme de guar bio, tapioca, levure, Sel des Alpes.<\/p>\n<p><strong>Instructions :<\/strong> Laisser d\u00e9congeler 40 minutes \u00e0 temp\u00e9rature ambiante. Cuire au four ou \u00e0 la friteuse \u00e0 air \u00e0 200 \u00b0C pendant 15 minutes et servir.  Ne pas utiliser de four \u00e0 micro-ondes.<\/p>\n<p><strong><img decoding=\"async\" class=\"lazyload alignnone wp-image-4913 size-full\" src=\"data:image\/svg+xml,%3Csvg%20xmlns%3D%27http%3A%2F%2Fwww.w3.org%2F2000%2Fsvg%27%20width%3D%27907%27%20height%3D%27531%27%20viewBox%3D%270%200%20907%20531%27%3E%3Crect%20width%3D%27907%27%20height%3D%27531%27%20fill-opacity%3D%220%22%2F%3E%3C%2Fsvg%3E\" data-orig-src=\"https:\/\/glutenfrei-laktosefrei.ch\/wp-content\/uploads\/2025\/06\/paincampagne.webp\" alt=\"\" width=\"907\" height=\"531\"><\/strong><\/p>\n","protected":false},"excerpt":{"rendered":"<p>350g<\/p>\n","protected":false},"featured_media":5933,"comment_status":"open","ping_status":"closed","template":"","meta":[],"product_brand":[],"product_cat":[194],"product_tag":[202,203],"class_list":{"0":"post-4548","1":"product","2":"type-product","3":"status-publish","4":"has-post-thumbnail","6":"product_cat-pain","7":"product_tag-sans-gluten","8":"product_tag-sans-lait","10":"first","11":"instock","12":"taxable","13":"shipping-taxable","14":"purchasable","15":"product-type-simple"},"yoast_head":"<!-- This site is optimized with the Yoast SEO plugin v26.6 - https:\/\/yoast.com\/wordpress\/plugins\/seo\/ -->\n<title>Pain de campagne v\u00e9gan | A-B-W Riesen GmbH<\/title>\n<meta name=\"robots\" content=\"index, follow, max-snippet:-1, max-image-preview:large, max-video-preview:-1\" \/>\n<link rel=\"canonical\" href=\"https:\/\/glutenfrei-laktosefrei.ch\/fr\/produit\/pain-de-campagne\/\" \/>\n<meta property=\"og:locale\" content=\"fr_FR\" \/>\n<meta property=\"og:type\" content=\"article\" \/>\n<meta property=\"og:title\" content=\"Pain de campagne v\u00e9gan | A-B-W Riesen GmbH\" \/>\n<meta property=\"og:description\" content=\"350g\" \/>\n<meta property=\"og:url\" content=\"https:\/\/glutenfrei-laktosefrei.ch\/fr\/produit\/pain-de-campagne\/\" \/>\n<meta property=\"og:site_name\" content=\"A-B-W Riesen GmbH\" \/>\n<meta property=\"article:modified_time\" content=\"2025-12-06T02:15:16+00:00\" \/>\n<meta property=\"og:image\" content=\"https:\/\/glutenfrei-laktosefrei.ch\/wp-content\/uploads\/2025\/06\/bauernbrot-vegan-scaled.webp\" \/>\n\t<meta property=\"og:image:width\" content=\"1920\" \/>\n\t<meta property=\"og:image:height\" content=\"1477\" \/>\n\t<meta property=\"og:image:type\" content=\"image\/png\" \/>\n<meta name=\"twitter:card\" content=\"summary_large_image\" \/>\n<script type=\"application\/ld+json\" class=\"yoast-schema-graph\">{\"@context\":\"https:\/\/schema.org\",\"@graph\":[{\"@type\":\"WebPage\",\"@id\":\"https:\/\/glutenfrei-laktosefrei.ch\/fr\/produit\/pain-de-campagne\/\",\"url\":\"https:\/\/glutenfrei-laktosefrei.ch\/fr\/produit\/pain-de-campagne\/\",\"name\":\"Pain de campagne v\u00e9gan | A-B-W Riesen GmbH\",\"isPartOf\":{\"@id\":\"https:\/\/glutenfrei-laktosefrei.ch\/fr\/#website\"},\"primaryImageOfPage\":{\"@id\":\"https:\/\/glutenfrei-laktosefrei.ch\/fr\/produit\/pain-de-campagne\/#primaryimage\"},\"image\":{\"@id\":\"https:\/\/glutenfrei-laktosefrei.ch\/fr\/produit\/pain-de-campagne\/#primaryimage\"},\"thumbnailUrl\":\"https:\/\/glutenfrei-laktosefrei.ch\/wp-content\/uploads\/2025\/06\/bauernbrot-vegan-scaled.webp\",\"datePublished\":\"2025-06-25T03:54:33+00:00\",\"dateModified\":\"2025-12-06T02:15:16+00:00\",\"breadcrumb\":{\"@id\":\"https:\/\/glutenfrei-laktosefrei.ch\/fr\/produit\/pain-de-campagne\/#breadcrumb\"},\"inLanguage\":\"fr-FR\",\"potentialAction\":[{\"@type\":\"ReadAction\",\"target\":[\"https:\/\/glutenfrei-laktosefrei.ch\/fr\/produit\/pain-de-campagne\/\"]}]},{\"@type\":\"ImageObject\",\"inLanguage\":\"fr-FR\",\"@id\":\"https:\/\/glutenfrei-laktosefrei.ch\/fr\/produit\/pain-de-campagne\/#primaryimage\",\"url\":\"https:\/\/glutenfrei-laktosefrei.ch\/wp-content\/uploads\/2025\/06\/bauernbrot-vegan-scaled.webp\",\"contentUrl\":\"https:\/\/glutenfrei-laktosefrei.ch\/wp-content\/uploads\/2025\/06\/bauernbrot-vegan-scaled.webp\",\"width\":1920,\"height\":1477},{\"@type\":\"BreadcrumbList\",\"@id\":\"https:\/\/glutenfrei-laktosefrei.ch\/fr\/produit\/pain-de-campagne\/#breadcrumb\",\"itemListElement\":[{\"@type\":\"ListItem\",\"position\":1,\"name\":\"Home\",\"item\":\"https:\/\/glutenfrei-laktosefrei.ch\/fr\/\"},{\"@type\":\"ListItem\",\"position\":2,\"name\":\"Boutique\",\"item\":\"https:\/\/glutenfrei-laktosefrei.ch\/fr\/boutique\/\"},{\"@type\":\"ListItem\",\"position\":3,\"name\":\"Pain de campagne v\u00e9gan\"}]},{\"@type\":\"WebSite\",\"@id\":\"https:\/\/glutenfrei-laktosefrei.ch\/fr\/#website\",\"url\":\"https:\/\/glutenfrei-laktosefrei.ch\/fr\/\",\"name\":\"A-B-W Riesen GmbH\",\"description\":\"\",\"publisher\":{\"@id\":\"https:\/\/glutenfrei-laktosefrei.ch\/fr\/#organization\"},\"potentialAction\":[{\"@type\":\"SearchAction\",\"target\":{\"@type\":\"EntryPoint\",\"urlTemplate\":\"https:\/\/glutenfrei-laktosefrei.ch\/fr\/?s={search_term_string}\"},\"query-input\":{\"@type\":\"PropertyValueSpecification\",\"valueRequired\":true,\"valueName\":\"search_term_string\"}}],\"inLanguage\":\"fr-FR\"},{\"@type\":\"Organization\",\"@id\":\"https:\/\/glutenfrei-laktosefrei.ch\/fr\/#organization\",\"name\":\"A-B-W Riesen GmbH\",\"url\":\"https:\/\/glutenfrei-laktosefrei.ch\/fr\/\",\"logo\":{\"@type\":\"ImageObject\",\"inLanguage\":\"fr-FR\",\"@id\":\"https:\/\/glutenfrei-laktosefrei.ch\/fr\/#\/schema\/logo\/image\/\",\"url\":\"https:\/\/glutenfrei-laktosefrei.ch\/wp-content\/uploads\/2024\/12\/fav_2024.png\",\"contentUrl\":\"https:\/\/glutenfrei-laktosefrei.ch\/wp-content\/uploads\/2024\/12\/fav_2024.png\",\"width\":100,\"height\":100,\"caption\":\"A-B-W Riesen GmbH\"},\"image\":{\"@id\":\"https:\/\/glutenfrei-laktosefrei.ch\/fr\/#\/schema\/logo\/image\/\"}}]}<\/script>\n<!-- \/ Yoast SEO plugin. -->","yoast_head_json":{"title":"Pain de campagne v\u00e9gan | A-B-W Riesen GmbH","robots":{"index":"index","follow":"follow","max-snippet":"max-snippet:-1","max-image-preview":"max-image-preview:large","max-video-preview":"max-video-preview:-1"},"canonical":"https:\/\/glutenfrei-laktosefrei.ch\/fr\/produit\/pain-de-campagne\/","og_locale":"fr_FR","og_type":"article","og_title":"Pain de campagne v\u00e9gan | A-B-W Riesen GmbH","og_description":"350g","og_url":"https:\/\/glutenfrei-laktosefrei.ch\/fr\/produit\/pain-de-campagne\/","og_site_name":"A-B-W Riesen GmbH","article_modified_time":"2025-12-06T02:15:16+00:00","og_image":[{"width":1920,"height":1477,"url":"https:\/\/glutenfrei-laktosefrei.ch\/wp-content\/uploads\/2025\/06\/bauernbrot-vegan-scaled.webp","type":"image\/png"}],"twitter_card":"summary_large_image","schema":{"@context":"https:\/\/schema.org","@graph":[{"@type":"WebPage","@id":"https:\/\/glutenfrei-laktosefrei.ch\/fr\/produit\/pain-de-campagne\/","url":"https:\/\/glutenfrei-laktosefrei.ch\/fr\/produit\/pain-de-campagne\/","name":"Pain de campagne v\u00e9gan | A-B-W Riesen GmbH","isPartOf":{"@id":"https:\/\/glutenfrei-laktosefrei.ch\/fr\/#website"},"primaryImageOfPage":{"@id":"https:\/\/glutenfrei-laktosefrei.ch\/fr\/produit\/pain-de-campagne\/#primaryimage"},"image":{"@id":"https:\/\/glutenfrei-laktosefrei.ch\/fr\/produit\/pain-de-campagne\/#primaryimage"},"thumbnailUrl":"https:\/\/glutenfrei-laktosefrei.ch\/wp-content\/uploads\/2025\/06\/bauernbrot-vegan-scaled.webp","datePublished":"2025-06-25T03:54:33+00:00","dateModified":"2025-12-06T02:15:16+00:00","breadcrumb":{"@id":"https:\/\/glutenfrei-laktosefrei.ch\/fr\/produit\/pain-de-campagne\/#breadcrumb"},"inLanguage":"fr-FR","potentialAction":[{"@type":"ReadAction","target":["https:\/\/glutenfrei-laktosefrei.ch\/fr\/produit\/pain-de-campagne\/"]}]},{"@type":"ImageObject","inLanguage":"fr-FR","@id":"https:\/\/glutenfrei-laktosefrei.ch\/fr\/produit\/pain-de-campagne\/#primaryimage","url":"https:\/\/glutenfrei-laktosefrei.ch\/wp-content\/uploads\/2025\/06\/bauernbrot-vegan-scaled.webp","contentUrl":"https:\/\/glutenfrei-laktosefrei.ch\/wp-content\/uploads\/2025\/06\/bauernbrot-vegan-scaled.webp","width":1920,"height":1477},{"@type":"BreadcrumbList","@id":"https:\/\/glutenfrei-laktosefrei.ch\/fr\/produit\/pain-de-campagne\/#breadcrumb","itemListElement":[{"@type":"ListItem","position":1,"name":"Home","item":"https:\/\/glutenfrei-laktosefrei.ch\/fr\/"},{"@type":"ListItem","position":2,"name":"Boutique","item":"https:\/\/glutenfrei-laktosefrei.ch\/fr\/boutique\/"},{"@type":"ListItem","position":3,"name":"Pain de campagne v\u00e9gan"}]},{"@type":"WebSite","@id":"https:\/\/glutenfrei-laktosefrei.ch\/fr\/#website","url":"https:\/\/glutenfrei-laktosefrei.ch\/fr\/","name":"A-B-W Riesen GmbH","description":"","publisher":{"@id":"https:\/\/glutenfrei-laktosefrei.ch\/fr\/#organization"},"potentialAction":[{"@type":"SearchAction","target":{"@type":"EntryPoint","urlTemplate":"https:\/\/glutenfrei-laktosefrei.ch\/fr\/?s={search_term_string}"},"query-input":{"@type":"PropertyValueSpecification","valueRequired":true,"valueName":"search_term_string"}}],"inLanguage":"fr-FR"},{"@type":"Organization","@id":"https:\/\/glutenfrei-laktosefrei.ch\/fr\/#organization","name":"A-B-W Riesen GmbH","url":"https:\/\/glutenfrei-laktosefrei.ch\/fr\/","logo":{"@type":"ImageObject","inLanguage":"fr-FR","@id":"https:\/\/glutenfrei-laktosefrei.ch\/fr\/#\/schema\/logo\/image\/","url":"https:\/\/glutenfrei-laktosefrei.ch\/wp-content\/uploads\/2024\/12\/fav_2024.png","contentUrl":"https:\/\/glutenfrei-laktosefrei.ch\/wp-content\/uploads\/2024\/12\/fav_2024.png","width":100,"height":100,"caption":"A-B-W Riesen GmbH"},"image":{"@id":"https:\/\/glutenfrei-laktosefrei.ch\/fr\/#\/schema\/logo\/image\/"}}]}},"_links":{"self":[{"href":"https:\/\/glutenfrei-laktosefrei.ch\/fr\/wp-json\/wp\/v2\/product\/4548","targetHints":{"allow":["GET"]}}],"collection":[{"href":"https:\/\/glutenfrei-laktosefrei.ch\/fr\/wp-json\/wp\/v2\/product"}],"about":[{"href":"https:\/\/glutenfrei-laktosefrei.ch\/fr\/wp-json\/wp\/v2\/types\/product"}],"replies":[{"embeddable":true,"href":"https:\/\/glutenfrei-laktosefrei.ch\/fr\/wp-json\/wp\/v2\/comments?post=4548"}],"wp:featuredmedia":[{"embeddable":true,"href":"https:\/\/glutenfrei-laktosefrei.ch\/fr\/wp-json\/wp\/v2\/media\/5933"}],"wp:attachment":[{"href":"https:\/\/glutenfrei-laktosefrei.ch\/fr\/wp-json\/wp\/v2\/media?parent=4548"}],"wp:term":[{"taxonomy":"product_brand","embeddable":true,"href":"https:\/\/glutenfrei-laktosefrei.ch\/fr\/wp-json\/wp\/v2\/product_brand?post=4548"},{"taxonomy":"product_cat","embeddable":true,"href":"https:\/\/glutenfrei-laktosefrei.ch\/fr\/wp-json\/wp\/v2\/product_cat?post=4548"},{"taxonomy":"product_tag","embeddable":true,"href":"https:\/\/glutenfrei-laktosefrei.ch\/fr\/wp-json\/wp\/v2\/product_tag?post=4548"}],"curies":[{"name":"wp","href":"https:\/\/api.w.org\/{rel}","templated":true}]}}